{"id":13,"date":"2020-01-12T21:30:36","date_gmt":"2020-01-12T23:30:36","guid":{"rendered":"http:\/\/www.estudiocompor.com.br\/novo_site\/?page_id=13"},"modified":"2023-11-29T09:07:59","modified_gmt":"2023-11-29T12:07:59","slug":"quem-somos","status":"publish","type":"page","link":"https:\/\/www.estudiocompor.com.br\/es\/quem-somos\/","title":{"rendered":"Quien Somos"},"content":{"rendered":"<p class=\"text_just\">A&nbsp;<strong>COMPOR<\/strong>&nbsp;\u2013 Consultor\u00eda, dise\u00f1o e innovaci\u00f3n , es una compa\u00f1\u00eda especializada en el dise\u00f1o de productos y consultor\u00eda de moda para el sector de calzado . Fundada  en el a\u00f1o 2001, se ubica en Novo Hamburgo\/RS, uno de los principales \u201cclusters\u201d calzadistas del mundo. Crea y desarrolla proyectos da calzados, accesorios, colecciones completas y dise\u00f1o de componentes. <\/p>\n\n\n\n<p class=\"text_just\">Al frente del sector de proyectos de dise\u00f1o, se encuentra el Director Creativo Caio Graeff, quien tiene una amplia experiencia en la creaci\u00f3n de suelas , capelladas, prototipos  y cofecci\u00f3n de moldes. Tambi\u00e9n, en el desarrollo de logomarcas y piezas gr\u00e1ficas para complementar los productos creados. <\/p>\n\n\n\n<p class=\"text_just\">En el sector de consultoria de moda, se encuentra la Directora Tatiana Ritzel, experta en planificaci\u00f3n de colecciones, cronograma de lanzamientos y mix de productos. Adem\u00e1s, cuenta con una gran experiencia de coordinaci\u00f3n de equipos de desarrollo, b\u00fasqueda de tendencias de moda y comportamento y definici\u00f3n de cartera de colores. Tambi\u00e9n se dedica a conferencias de moda y presentaciones de colecciones, tanto para equipos comerciales como para el sector en general. <\/p>\n\n\n\n<p>E para ajudar ainda mais profissionais do mercado da moda, lan\u00e7amos a <a rel=\"noreferrer noopener\" href=\"https:\/\/www.compordigital.com.br\/\" data-type=\"URL\" data-id=\"https:\/\/www.compordigital.com.br\/\" target=\"_blank\"><strong>Compor Digital<\/strong><\/a>, que oferece pesquisas de tend\u00eancias de moda direcionadas, realizadas pelo nosso time. Estas pesquisas tem a proposta de fazer voc\u00ea ganhar tempo e economizar dinheiro, uma vez que n\u00f3s j\u00e1 realizamos as viagens internacionais, registramos vitrines, fazemos os cursos, assinamos plataformas e fazemos toda curadoria do que realmente estar\u00e1 em alta e vai vender nas pr\u00f3ximas esta\u00e7\u00f5es. Para conhecer as pesquisas dispon\u00edveis, <a rel=\"noreferrer noopener\" href=\"https:\/\/www.compordigital.com.br\/\" data-type=\"URL\" data-id=\"https:\/\/www.compordigital.com.br\/\" target=\"_blank\"><strong>clique aqui<\/strong><\/a>.<\/p>\n\n\n\n<figure class=\"wp-block-gallery has-nested-images columns-7 is-cropped wp-block-gallery-1 is-layout-flex\">\n<figure class=\"wp-block-image size-large\"><img decoding=\"async\" loading=\"lazy\" width=\"720\" height=\"960\" data-id=\"2778\"  src=\"https:\/\/www.estudiocompor.com.br\/novo_site\/wp-content\/uploads\/2023\/04\/01-entrada-compor.webp\" alt=\"\" class=\"wp-image-2778\" srcset=\"https:\/\/www.estudiocompor.com.br\/novo_site\/wp-content\/uploads\/2023\/04\/01-entrada-compor.webp 720w, https:\/\/www.estudiocompor.com.br\/novo_site\/wp-content\/uploads\/2023\/04\/01-entrada-compor-225x300.webp 225w, https:\/\/www.estudiocompor.com.br\/novo_site\/wp-content\/uploads\/2023\/04\/01-entrada-compor-9x12.webp 9w, https:\/\/www.estudiocompor.com.br\/novo_site\/wp-content\/uploads\/2023\/04\/01-entrada-compor-600x800.webp 600w\" sizes=\"(max-width: 720px) 100vw, 720px\" \/><\/figure>\n\n\n\n<figure class=\"wp-block-image size-large\"><img decoding=\"async\" loading=\"lazy\" width=\"768\" height=\"960\" data-id=\"2777\"  src=\"https:\/\/www.estudiocompor.com.br\/novo_site\/wp-content\/uploads\/2023\/04\/02-desenhos.webp\" alt=\"\" class=\"wp-image-2777\" srcset=\"https:\/\/www.estudiocompor.com.br\/novo_site\/wp-content\/uploads\/2023\/04\/02-desenhos.webp 768w, https:\/\/www.estudiocompor.com.br\/novo_site\/wp-content\/uploads\/2023\/04\/02-desenhos-240x300.webp 240w, https:\/\/www.estudiocompor.com.br\/novo_site\/wp-content\/uploads\/2023\/04\/02-desenhos-10x12.webp 10w, https:\/\/www.estudiocompor.com.br\/novo_site\/wp-content\/uploads\/2023\/04\/02-desenhos-600x750.webp 600w\" sizes=\"(max-width: 768px) 100vw, 768px\" \/><\/figure>\n\n\n\n<figure class=\"wp-block-image size-large\"><img decoding=\"async\" loading=\"lazy\" width=\"659\" height=\"1024\" data-id=\"2991\"  src=\"http:\/\/www.estudiocompor.com.br\/novo_site\/wp-content\/uploads\/2023\/11\/WhatsApp-Image-2023-11-28-at-17.43.43-1-e1701259632681-659x1024.jpeg\" alt=\"\" class=\"wp-image-2991\" srcset=\"https:\/\/www.estudiocompor.com.br\/novo_site\/wp-content\/uploads\/2023\/11\/WhatsApp-Image-2023-11-28-at-17.43.43-1-e1701259632681-659x1024.jpeg 659w, https:\/\/www.estudiocompor.com.br\/novo_site\/wp-content\/uploads\/2023\/11\/WhatsApp-Image-2023-11-28-at-17.43.43-1-e1701259632681-193x300.jpeg 193w, https:\/\/www.estudiocompor.com.br\/novo_site\/wp-content\/uploads\/2023\/11\/WhatsApp-Image-2023-11-28-at-17.43.43-1-e1701259632681-768x1193.jpeg 768w, https:\/\/www.estudiocompor.com.br\/novo_site\/wp-content\/uploads\/2023\/11\/WhatsApp-Image-2023-11-28-at-17.43.43-1-e1701259632681-8x12.jpeg 8w, https:\/\/www.estudiocompor.com.br\/novo_site\/wp-content\/uploads\/2023\/11\/WhatsApp-Image-2023-11-28-at-17.43.43-1-e1701259632681-600x932.jpeg 600w, https:\/\/www.estudiocompor.com.br\/novo_site\/wp-content\/uploads\/2023\/11\/WhatsApp-Image-2023-11-28-at-17.43.43-1-e1701259632681.jpeg 852w\" sizes=\"(max-width: 659px) 100vw, 659px\" \/><\/figure>\n\n\n\n<figure class=\"wp-block-image size-large\"><img decoding=\"async\" loading=\"lazy\" width=\"883\" height=\"1024\" data-id=\"2968\"  src=\"http:\/\/www.estudiocompor.com.br\/novo_site\/wp-content\/uploads\/2023\/11\/WhatsApp-Image-2023-11-23-at-17.58.27-1-883x1024.jpeg\" alt=\"\" class=\"wp-image-2968\" srcset=\"https:\/\/www.estudiocompor.com.br\/novo_site\/wp-content\/uploads\/2023\/11\/WhatsApp-Image-2023-11-23-at-17.58.27-1-883x1024.jpeg 883w, https:\/\/www.estudiocompor.com.br\/novo_site\/wp-content\/uploads\/2023\/11\/WhatsApp-Image-2023-11-23-at-17.58.27-1-259x300.jpeg 259w, https:\/\/www.estudiocompor.com.br\/novo_site\/wp-content\/uploads\/2023\/11\/WhatsApp-Image-2023-11-23-at-17.58.27-1-768x891.jpeg 768w, https:\/\/www.estudiocompor.com.br\/novo_site\/wp-content\/uploads\/2023\/11\/WhatsApp-Image-2023-11-23-at-17.58.27-1-10x12.jpeg 10w, https:\/\/www.estudiocompor.com.br\/novo_site\/wp-content\/uploads\/2023\/11\/WhatsApp-Image-2023-11-23-at-17.58.27-1-600x696.jpeg 600w, https:\/\/www.estudiocompor.com.br\/novo_site\/wp-content\/uploads\/2023\/11\/WhatsApp-Image-2023-11-23-at-17.58.27-1.jpeg 1134w\" sizes=\"(max-width: 883px) 100vw, 883px\" \/><\/figure>\n\n\n\n<figure class=\"wp-block-image size-large\"><img decoding=\"async\" loading=\"lazy\" width=\"576\" height=\"1024\" data-id=\"2977\"  src=\"https:\/\/www.estudiocompor.com.br\/novo_site\/wp-content\/uploads\/2023\/11\/WhatsApp-Image-2023-11-24-at-11.34.37-576x1024.jpeg\" alt=\"\" class=\"wp-image-2977\" srcset=\"https:\/\/www.estudiocompor.com.br\/novo_site\/wp-content\/uploads\/2023\/11\/WhatsApp-Image-2023-11-24-at-11.34.37-576x1024.jpeg 576w, https:\/\/www.estudiocompor.com.br\/novo_site\/wp-content\/uploads\/2023\/11\/WhatsApp-Image-2023-11-24-at-11.34.37-169x300.jpeg 169w, https:\/\/www.estudiocompor.com.br\/novo_site\/wp-content\/uploads\/2023\/11\/WhatsApp-Image-2023-11-24-at-11.34.37-768x1366.jpeg 768w, https:\/\/www.estudiocompor.com.br\/novo_site\/wp-content\/uploads\/2023\/11\/WhatsApp-Image-2023-11-24-at-11.34.37-864x1536.jpeg 864w, https:\/\/www.estudiocompor.com.br\/novo_site\/wp-content\/uploads\/2023\/11\/WhatsApp-Image-2023-11-24-at-11.34.37-7x12.jpeg 7w, https:\/\/www.estudiocompor.com.br\/novo_site\/wp-content\/uploads\/2023\/11\/WhatsApp-Image-2023-11-24-at-11.34.37-600x1067.jpeg 600w, https:\/\/www.estudiocompor.com.br\/novo_site\/wp-content\/uploads\/2023\/11\/WhatsApp-Image-2023-11-24-at-11.34.37.jpeg 899w\" sizes=\"(max-width: 576px) 100vw, 576px\" \/><\/figure>\n\n\n\n<figure class=\"wp-block-image size-large\"><img decoding=\"async\" loading=\"lazy\" width=\"533\" height=\"547\" data-id=\"2776\"  src=\"https:\/\/www.estudiocompor.com.br\/novo_site\/wp-content\/uploads\/2023\/04\/06-desenho-caio.webp\" alt=\"\" class=\"wp-image-2776\" srcset=\"https:\/\/www.estudiocompor.com.br\/novo_site\/wp-content\/uploads\/2023\/04\/06-desenho-caio.webp 533w, https:\/\/www.estudiocompor.com.br\/novo_site\/wp-content\/uploads\/2023\/04\/06-desenho-caio-292x300.webp 292w, https:\/\/www.estudiocompor.com.br\/novo_site\/wp-content\/uploads\/2023\/04\/06-desenho-caio-12x12.webp 12w, https:\/\/www.estudiocompor.com.br\/novo_site\/wp-content\/uploads\/2023\/04\/06-desenho-caio-50x50.webp 50w\" sizes=\"(max-width: 533px) 100vw, 533px\" \/><\/figure>\n\n\n\n<figure class=\"wp-block-image size-large\"><img decoding=\"async\" loading=\"lazy\" width=\"496\" height=\"1024\" data-id=\"2969\"  src=\"http:\/\/www.estudiocompor.com.br\/novo_site\/wp-content\/uploads\/2023\/11\/WhatsApp-Image-2023-11-23-at-17.58.27-2-496x1024.jpeg\" alt=\"\" class=\"wp-image-2969\" srcset=\"https:\/\/www.estudiocompor.com.br\/novo_site\/wp-content\/uploads\/2023\/11\/WhatsApp-Image-2023-11-23-at-17.58.27-2-496x1024.jpeg 496w, https:\/\/www.estudiocompor.com.br\/novo_site\/wp-content\/uploads\/2023\/11\/WhatsApp-Image-2023-11-23-at-17.58.27-2-145x300.jpeg 145w, https:\/\/www.estudiocompor.com.br\/novo_site\/wp-content\/uploads\/2023\/11\/WhatsApp-Image-2023-11-23-at-17.58.27-2-6x12.jpeg 6w, https:\/\/www.estudiocompor.com.br\/novo_site\/wp-content\/uploads\/2023\/11\/WhatsApp-Image-2023-11-23-at-17.58.27-2-600x1238.jpeg 600w, https:\/\/www.estudiocompor.com.br\/novo_site\/wp-content\/uploads\/2023\/11\/WhatsApp-Image-2023-11-23-at-17.58.27-2.jpeg 720w\" sizes=\"(max-width: 496px) 100vw, 496px\" \/><\/figure>\n<\/figure>","protected":false},"excerpt":{"rendered":"<p>A&nbsp;COMPOR&nbsp;\u2013 Consultoria, Design e Inova\u00e7\u00e3o \u2013 \u00e9 uma empresa especializada na \u00e1rea de design de produto e consultoria de moda para o setor coureiro-cal\u00e7adista. Est\u00e1 no mercado desde 2001 e localiza-se em Novo Hamburgo\/RS, um dos principais clusters cal\u00e7adistas do mundo. Cria e desenvolve projetos de cal\u00e7ados, artefatos, cole\u00e7\u00f5es completas e design de componentes. A [&hellip;]<\/p>","protected":false},"author":1,"featured_media":0,"parent":0,"menu_order":0,"comment_status":"closed","ping_status":"closed","template":"","meta":{"_mi_skip_tracking":false,"_monsterinsights_sitenote_active":false,"_monsterinsights_sitenote_note":"","_monsterinsights_sitenote_category":0},"acf":[],"_links":{"self":[{"href":"https:\/\/www.estudiocompor.com.br\/es\/wp-json\/wp\/v2\/pages\/13"}],"collection":[{"href":"https:\/\/www.estudiocompor.com.br\/es\/wp-json\/wp\/v2\/pages"}],"about":[{"href":"https:\/\/www.estudiocompor.com.br\/es\/wp-json\/wp\/v2\/types\/page"}],"author":[{"embeddable":true,"href":"https:\/\/www.estudiocompor.com.br\/es\/wp-json\/wp\/v2\/users\/1"}],"replies":[{"embeddable":true,"href":"https:\/\/www.estudiocompor.com.br\/es\/wp-json\/wp\/v2\/comments?post=13"}],"version-history":[{"count":20,"href":"https:\/\/www.estudiocompor.com.br\/es\/wp-json\/wp\/v2\/pages\/13\/revisions"}],"predecessor-version":[{"id":2993,"href":"https:\/\/www.estudiocompor.com.br\/es\/wp-json\/wp\/v2\/pages\/13\/revisions\/2993"}],"wp:attachment":[{"href":"https:\/\/www.estudiocompor.com.br\/es\/wp-json\/wp\/v2\/media?parent=13"}],"curies":[{"name":"wp","href":"https:\/\/api.w.org\/{rel}","templated":true}]}}